{"id":375,"date":"2024-04-10T21:53:06","date_gmt":"2024-04-11T00:53:06","guid":{"rendered":"https:\/\/paulobragaijui.com.br\/?page_id=375"},"modified":"2024-04-22T10:38:39","modified_gmt":"2024-04-22T13:38:39","slug":"paulo-braga","status":"publish","type":"page","link":"https:\/\/paulobragaijui.com.br\/","title":{"rendered":"PAULO BRAGA"},"content":{"rendered":"\t\t<div data-elementor-type=\"wp-page\" data-elementor-id=\"375\" class=\"elementor elementor-375\" data-elementor-post-type=\"page\">\n\t\t\t\t\t\t<section class=\"elementor-section elementor-top-section elementor-element elementor-element-916ad20 elementor-section-full_width elementor-section-height-default elementor-section-height-default\" data-id=\"916ad20\" data-element_type=\"section\">\n\t\t\t\t\t\t<div class=\"elementor-container elementor-column-gap-default\">\n\t\t\t\t\t<div class=\"elementor-column elementor-col-50 elementor-top-column elementor-element elementor-element-7d38dde\" data-id=\"7d38dde\" data-element_type=\"column\">\n\t\t\t<div class=\"elementor-widget-wrap elementor-element-populated\">\n\t\t\t\t\t\t<div class=\"elementor-element elementor-element-6358a91 elementor-widget elementor-widget-image\" data-id=\"6358a91\" data-element_type=\"widget\" data-widget_type=\"image.default\">\n\t\t\t\t<div class=\"elementor-widget-container\">\n\t\t\t\t\t\t\t\t\t\t\t\t\t\t\t<img decoding=\"async\" src=\"https:\/\/paulobragaijui.com.br\/wp-content\/uploads\/elementor\/thumbs\/Design-sem-nome-17-qn33xfa9zduc4c8rdgxkb95v8ry60wq1zyyy4ox0bg.png\" title=\"Design sem nome (17)\" alt=\"Design sem nome (17)\" loading=\"lazy\" \/>\t\t\t\t\t\t\t\t\t\t\t\t\t\t\t<\/div>\n\t\t\t\t<\/div>\n\t\t\t\t\t<\/div>\n\t\t<\/div>\n\t\t\t\t<div class=\"elementor-column elementor-col-50 elementor-top-column elementor-element elementor-element-c689e1b\" data-id=\"c689e1b\" data-element_type=\"column\">\n\t\t\t<div class=\"elementor-widget-wrap elementor-element-populated\">\n\t\t\t\t\t\t<div class=\"elementor-element elementor-element-09d5315 elementor-nav-menu--dropdown-tablet elementor-nav-menu__text-align-aside elementor-nav-menu--toggle elementor-nav-menu--burger elementor-widget elementor-widget-nav-menu\" data-id=\"09d5315\" data-element_type=\"widget\" data-settings=\"{&quot;layout&quot;:&quot;horizontal&quot;,&quot;submenu_icon&quot;:{&quot;value&quot;:&quot;&lt;i class=\\&quot;fas fa-caret-down\\&quot;&gt;&lt;\\\/i&gt;&quot;,&quot;library&quot;:&quot;fa-solid&quot;},&quot;toggle&quot;:&quot;burger&quot;}\" data-widget_type=\"nav-menu.default\">\n\t\t\t\t<div class=\"elementor-widget-container\">\n\t\t\t\t\t\t\t\t<nav class=\"elementor-nav-menu--main elementor-nav-menu__container elementor-nav-menu--layout-horizontal e--pointer-underline e--animation-fade\">\n\t\t\t\t<ul id=\"menu-1-09d5315\" class=\"elementor-nav-menu\"><li class=\"menu-item menu-item-type-post_type menu-item-object-page menu-item-home menu-item-382\"><a href=\"https:\/\/paulobragaijui.com.br\/\" class=\"elementor-item menu-link\">PAULO BRAGA<\/a><\/li>\n<li class=\"menu-item menu-item-type-post_type menu-item-object-page menu-item-64\"><a href=\"https:\/\/paulobragaijui.com.br\/?page_id=51\" class=\"elementor-item menu-link\">ARTICULA\u00c7\u00d5ES EM PROL DE IJU\u00cd<\/a><\/li>\n<li class=\"menu-item menu-item-type-post_type menu-item-object-page menu-item-406\"><a href=\"https:\/\/paulobragaijui.com.br\/?page_id=374\" class=\"elementor-item menu-link\">PROJETOS<\/a><\/li>\n<li class=\"menu-item menu-item-type-post_type menu-item-object-page menu-item-491\"><a href=\"https:\/\/paulobragaijui.com.br\/?page_id=485\" class=\"elementor-item menu-link\">CAUSA LGBTQIA+<\/a><\/li>\n<li class=\"menu-item menu-item-type-post_type menu-item-object-page menu-item-579\"><a href=\"https:\/\/paulobragaijui.com.br\/?page_id=577\" class=\"elementor-item menu-link\">COMUNIDADE<\/a><\/li>\n<\/ul>\t\t\t<\/nav>\n\t\t\t\t\t<div class=\"elementor-menu-toggle\" role=\"button\" tabindex=\"0\" aria-label=\"Alternar menu\" aria-expanded=\"false\">\n\t\t\t<i aria-hidden=\"true\" role=\"presentation\" class=\"elementor-menu-toggle__icon--open eicon-menu-bar\"><\/i><i aria-hidden=\"true\" role=\"presentation\" class=\"elementor-menu-toggle__icon--close eicon-close\"><\/i>\t\t\t<span class=\"elementor-screen-only\">Menu<\/span>\n\t\t<\/div>\n\t\t\t\t\t<nav class=\"elementor-nav-menu--dropdown elementor-nav-menu__container\" aria-hidden=\"true\">\n\t\t\t\t<ul id=\"menu-2-09d5315\" class=\"elementor-nav-menu\"><li class=\"menu-item menu-item-type-post_type menu-item-object-page menu-item-home menu-item-382\"><a href=\"https:\/\/paulobragaijui.com.br\/\" class=\"elementor-item menu-link\" tabindex=\"-1\">PAULO BRAGA<\/a><\/li>\n<li class=\"menu-item menu-item-type-post_type menu-item-object-page menu-item-64\"><a href=\"https:\/\/paulobragaijui.com.br\/?page_id=51\" class=\"elementor-item menu-link\" tabindex=\"-1\">ARTICULA\u00c7\u00d5ES EM PROL DE IJU\u00cd<\/a><\/li>\n<li class=\"menu-item menu-item-type-post_type menu-item-object-page menu-item-406\"><a href=\"https:\/\/paulobragaijui.com.br\/?page_id=374\" class=\"elementor-item menu-link\" tabindex=\"-1\">PROJETOS<\/a><\/li>\n<li class=\"menu-item menu-item-type-post_type menu-item-object-page menu-item-491\"><a href=\"https:\/\/paulobragaijui.com.br\/?page_id=485\" class=\"elementor-item menu-link\" tabindex=\"-1\">CAUSA LGBTQIA+<\/a><\/li>\n<li class=\"menu-item menu-item-type-post_type menu-item-object-page menu-item-579\"><a href=\"https:\/\/paulobragaijui.com.br\/?page_id=577\" class=\"elementor-item menu-link\" tabindex=\"-1\">COMUNIDADE<\/a><\/li>\n<\/ul>\t\t\t<\/nav>\n\t\t\t\t\t\t<\/div>\n\t\t\t\t<\/div>\n\t\t\t\t\t<\/div>\n\t\t<\/div>\n\t\t\t\t\t<\/div>\n\t\t<\/section>\n\t\t\t\t<section class=\"elementor-section elementor-top-section elementor-element elementor-element-651281d1 elementor-section-full_width elementor-section-height-default elementor-section-height-default\" data-id=\"651281d1\" data-element_type=\"section\" data-settings=\"{&quot;background_background&quot;:&quot;classic&quot;}\">\n\t\t\t\t\t\t\t<div class=\"elementor-background-overlay\"><\/div>\n\t\t\t\t\t\t\t<div class=\"elementor-container elementor-column-gap-default\">\n\t\t\t\t\t<div class=\"elementor-column elementor-col-100 elementor-top-column elementor-element elementor-element-1b9627fb\" data-id=\"1b9627fb\" data-element_type=\"column\">\n\t\t\t<div class=\"elementor-widget-wrap elementor-element-populated\">\n\t\t\t\t\t\t<div class=\"elementor-element elementor-element-56e6b7c elementor-widget elementor-widget-spacer\" data-id=\"56e6b7c\" data-element_type=\"widget\" data-widget_type=\"spacer.default\">\n\t\t\t\t<div class=\"elementor-widget-container\">\n\t\t\t\t\t\t\t<div class=\"elementor-spacer\">\n\t\t\t<div class=\"elementor-spacer-inner\"><\/div>\n\t\t<\/div>\n\t\t\t\t\t\t<\/div>\n\t\t\t\t<\/div>\n\t\t\t\t\t<\/div>\n\t\t<\/div>\n\t\t\t\t\t<\/div>\n\t\t<\/section>\n\t\t\t\t<section class=\"elementor-section elementor-top-section elementor-element elementor-element-a606120 elementor-section-boxed elementor-section-height-default elementor-section-height-default\" data-id=\"a606120\" data-element_type=\"section\">\n\t\t\t\t\t\t<div class=\"elementor-container elementor-column-gap-default\">\n\t\t\t\t\t<div class=\"elementor-column elementor-col-100 elementor-top-column elementor-element elementor-element-e659c59\" data-id=\"e659c59\" data-element_type=\"column\">\n\t\t\t<div class=\"elementor-widget-wrap elementor-element-populated\">\n\t\t\t\t\t\t<div class=\"elementor-element elementor-element-c0877b0 elementor-widget__width-initial elementor-widget elementor-widget-image\" data-id=\"c0877b0\" data-element_type=\"widget\" data-widget_type=\"image.default\">\n\t\t\t\t<div class=\"elementor-widget-container\">\n\t\t\t\t\t\t\t\t\t\t\t\t\t\t\t<img fetchpriority=\"high\" decoding=\"async\" width=\"780\" height=\"655\" src=\"https:\/\/paulobragaijui.com.br\/wp-content\/uploads\/2024\/04\/image.png\" class=\"attachment-2048x2048 size-2048x2048 wp-image-675\" alt=\"\" srcset=\"https:\/\/paulobragaijui.com.br\/wp-content\/uploads\/2024\/04\/image.png 780w, https:\/\/paulobragaijui.com.br\/wp-content\/uploads\/2024\/04\/image-300x252.png 300w, https:\/\/paulobragaijui.com.br\/wp-content\/uploads\/2024\/04\/image-768x645.png 768w\" sizes=\"(max-width: 780px) 100vw, 780px\" \/>\t\t\t\t\t\t\t\t\t\t\t\t\t\t\t<\/div>\n\t\t\t\t<\/div>\n\t\t\t\t\t<\/div>\n\t\t<\/div>\n\t\t\t\t\t<\/div>\n\t\t<\/section>\n\t\t\t\t<section class=\"elementor-section elementor-top-section elementor-element elementor-element-9bc9de2 elementor-section-full_width elementor-section-height-default elementor-section-height-default\" data-id=\"9bc9de2\" data-element_type=\"section\">\n\t\t\t\t\t\t<div class=\"elementor-container elementor-column-gap-default\">\n\t\t\t\t\t<div class=\"elementor-column elementor-col-100 elementor-top-column elementor-element elementor-element-e683afd\" data-id=\"e683afd\" data-element_type=\"column\">\n\t\t\t<div class=\"elementor-widget-wrap elementor-element-populated\">\n\t\t\t\t\t\t<div class=\"elementor-element elementor-element-e4b7dfa elementor-widget-mobile__width-initial elementor-widget elementor-widget-spacer\" data-id=\"e4b7dfa\" data-element_type=\"widget\" data-widget_type=\"spacer.default\">\n\t\t\t\t<div class=\"elementor-widget-container\">\n\t\t\t\t\t\t\t<div class=\"elementor-spacer\">\n\t\t\t<div class=\"elementor-spacer-inner\"><\/div>\n\t\t<\/div>\n\t\t\t\t\t\t<\/div>\n\t\t\t\t<\/div>\n\t\t\t\t<div class=\"elementor-element elementor-element-8d90df5 elementor-widget elementor-widget-image\" data-id=\"8d90df5\" data-element_type=\"widget\" data-widget_type=\"image.default\">\n\t\t\t\t<div class=\"elementor-widget-container\">\n\t\t\t\t\t\t\t\t\t\t\t\t\t\t\t<img decoding=\"async\" width=\"1440\" height=\"705\" src=\"https:\/\/paulobragaijui.com.br\/wp-content\/uploads\/2024\/04\/Design-sem-nome-5.png\" class=\"attachment-full size-full wp-image-381\" alt=\"\" srcset=\"https:\/\/paulobragaijui.com.br\/wp-content\/uploads\/2024\/04\/Design-sem-nome-5.png 1440w, https:\/\/paulobragaijui.com.br\/wp-content\/uploads\/2024\/04\/Design-sem-nome-5-300x147.png 300w, https:\/\/paulobragaijui.com.br\/wp-content\/uploads\/2024\/04\/Design-sem-nome-5-1024x501.png 1024w, https:\/\/paulobragaijui.com.br\/wp-content\/uploads\/2024\/04\/Design-sem-nome-5-768x376.png 768w\" sizes=\"(max-width: 1440px) 100vw, 1440px\" \/>\t\t\t\t\t\t\t\t\t\t\t\t\t\t\t<\/div>\n\t\t\t\t<\/div>\n\t\t\t\t\t<\/div>\n\t\t<\/div>\n\t\t\t\t\t<\/div>\n\t\t<\/section>\n\t\t\t\t<\/div>\n\t\t","protected":false},"excerpt":{"rendered":"","protected":false},"author":2,"featured_media":0,"parent":0,"menu_order":0,"comment_status":"closed","ping_status":"closed","template":"elementor_canvas","meta":{"site-sidebar-layout":"default","site-content-layout":"","ast-site-content-layout":"","site-content-style":"default","site-sidebar-style":"default","ast-global-header-display":"","ast-banner-title-visibility":"","ast-main-header-display":"","ast-hfb-above-header-display":"","ast-hfb-below-header-display":"","ast-hfb-mobile-header-display":"","site-post-title":"","ast-breadcrumbs-content":"","ast-featured-img":"","footer-sml-layout":"","theme-transparent-header-meta":"","adv-header-id-meta":"","stick-header-meta":"","header-above-stick-meta":"","header-main-stick-meta":"","header-below-stick-meta":"","astra-migrate-meta-layouts":"default","ast-page-background-enabled":"default","ast-page-background-meta":{"desktop":{"background-color":"","background-image":"","background-repeat":"repeat","background-position":"center center","background-size":"auto","background-attachment":"scroll","background-type":"","background-media":"","overlay-type":"","overlay-color":"","overlay-opacity":"","overlay-gradient":""},"tablet":{"background-color":"","background-image":"","background-repeat":"repeat","background-position":"center center","background-size":"auto","background-attachment":"scroll","background-type":"","background-media":"","overlay-type":"","overlay-color":"","overlay-opacity":"","overlay-gradient":""},"mobile":{"background-color":"","background-image":"","background-repeat":"repeat","background-position":"center center","background-size":"auto","background-attachment":"scroll","background-type":"","background-media":"","overlay-type":"","overlay-color":"","overlay-opacity":"","overlay-gradient":""}},"ast-content-background-meta":{"desktop":{"background-color":"var(--ast-global-color-5)","background-image":"","background-repeat":"repeat","background-position":"center center","background-size":"auto","background-attachment":"scroll","background-type":"","background-media":"","overlay-type":"","overlay-color":"","overlay-opacity":"","overlay-gradient":""},"tablet":{"background-color":"var(--ast-global-color-5)","background-image":"","background-repeat":"repeat","background-position":"center center","background-size":"auto","background-attachment":"scroll","background-type":"","background-media":"","overlay-type":"","overlay-color":"","overlay-opacity":"","overlay-gradient":""},"mobile":{"background-color":"var(--ast-global-color-5)","background-image":"","background-repeat":"repeat","background-position":"center center","background-size":"auto","background-attachment":"scroll","background-type":"","background-media":"","overlay-type":"","overlay-color":"","overlay-opacity":"","overlay-gradient":""}},"footnotes":""},"yoast_head":"<!-- This site is optimized with the Yoast SEO plugin v22.5 - https:\/\/yoast.com\/wordpress\/plugins\/seo\/ -->\n<title>PAULO BRAGA - Paulo Braga<\/title>\n<meta name=\"robots\" content=\"index, follow, max-snippet:-1, max-image-preview:large, max-video-preview:-1\" \/>\n<link rel=\"canonical\" href=\"https:\/\/paulobragaijui.com.br\/\" \/>\n<meta property=\"og:locale\" content=\"pt_BR\" \/>\n<meta property=\"og:type\" content=\"article\" \/>\n<meta property=\"og:title\" content=\"PAULO BRAGA - Paulo Braga\" \/>\n<meta property=\"og:url\" content=\"https:\/\/paulobragaijui.com.br\/\" \/>\n<meta property=\"og:site_name\" content=\"Paulo Braga\" \/>\n<meta property=\"article:modified_time\" content=\"2024-04-22T13:38:39+00:00\" \/>\n<meta property=\"og:image\" content=\"https:\/\/paulobragaijui.com.br\/wp-content\/uploads\/elementor\/thumbs\/Design-sem-nome-17-qn33xfa9zduc4c8rdgxkb95v8ry60wq1zyyy4ox0bg.png\" \/>\n<meta name=\"twitter:card\" content=\"summary_large_image\" \/>\n<meta name=\"twitter:label1\" content=\"Est. tempo de leitura\" \/>\n\t<meta name=\"twitter:data1\" content=\"1 minuto\" \/>\n<script type=\"application\/ld+json\" class=\"yoast-schema-graph\">{\"@context\":\"https:\/\/schema.org\",\"@graph\":[{\"@type\":\"WebPage\",\"@id\":\"https:\/\/paulobragaijui.com.br\/\",\"url\":\"https:\/\/paulobragaijui.com.br\/\",\"name\":\"PAULO BRAGA - Paulo Braga\",\"isPartOf\":{\"@id\":\"https:\/\/paulobragaijui.com.br\/#website\"},\"primaryImageOfPage\":{\"@id\":\"https:\/\/paulobragaijui.com.br\/#primaryimage\"},\"image\":{\"@id\":\"https:\/\/paulobragaijui.com.br\/#primaryimage\"},\"thumbnailUrl\":\"https:\/\/paulobragaijui.com.br\/wp-content\/uploads\/elementor\/thumbs\/Design-sem-nome-17-qn33xfa9zduc4c8rdgxkb95v8ry60wq1zyyy4ox0bg.png\",\"datePublished\":\"2024-04-11T00:53:06+00:00\",\"dateModified\":\"2024-04-22T13:38:39+00:00\",\"breadcrumb\":{\"@id\":\"https:\/\/paulobragaijui.com.br\/#breadcrumb\"},\"inLanguage\":\"pt-BR\",\"potentialAction\":[{\"@type\":\"ReadAction\",\"target\":[\"https:\/\/paulobragaijui.com.br\/\"]}]},{\"@type\":\"ImageObject\",\"inLanguage\":\"pt-BR\",\"@id\":\"https:\/\/paulobragaijui.com.br\/#primaryimage\",\"url\":\"https:\/\/paulobragaijui.com.br\/wp-content\/uploads\/elementor\/thumbs\/Design-sem-nome-17-qn33xfa9zduc4c8rdgxkb95v8ry60wq1zyyy4ox0bg.png\",\"contentUrl\":\"https:\/\/paulobragaijui.com.br\/wp-content\/uploads\/elementor\/thumbs\/Design-sem-nome-17-qn33xfa9zduc4c8rdgxkb95v8ry60wq1zyyy4ox0bg.png\"},{\"@type\":\"BreadcrumbList\",\"@id\":\"https:\/\/paulobragaijui.com.br\/#breadcrumb\",\"itemListElement\":[{\"@type\":\"ListItem\",\"position\":1,\"name\":\"In\u00edcio\",\"item\":\"https:\/\/paulobragaijui.com.br\/\"},{\"@type\":\"ListItem\",\"position\":2,\"name\":\"PAULO BRAGA\"}]},{\"@type\":\"WebSite\",\"@id\":\"https:\/\/paulobragaijui.com.br\/#website\",\"url\":\"https:\/\/paulobragaijui.com.br\/\",\"name\":\"Paulo Braga\",\"description\":\"Site de Conte\u00fado Pol\u00edtico\",\"publisher\":{\"@id\":\"https:\/\/paulobragaijui.com.br\/#organization\"},\"potentialAction\":[{\"@type\":\"SearchAction\",\"target\":{\"@type\":\"EntryPoint\",\"urlTemplate\":\"https:\/\/paulobragaijui.com.br\/?s={search_term_string}\"},\"query-input\":\"required name=search_term_string\"}],\"inLanguage\":\"pt-BR\"},{\"@type\":\"Organization\",\"@id\":\"https:\/\/paulobragaijui.com.br\/#organization\",\"name\":\"Paulo Braga\",\"url\":\"https:\/\/paulobragaijui.com.br\/\",\"logo\":{\"@type\":\"ImageObject\",\"inLanguage\":\"pt-BR\",\"@id\":\"https:\/\/paulobragaijui.com.br\/#\/schema\/logo\/image\/\",\"url\":\"https:\/\/paulobragaijui.com.br\/wp-content\/uploads\/2024\/04\/cropped-Design-sem-nome-17.png\",\"contentUrl\":\"https:\/\/paulobragaijui.com.br\/wp-content\/uploads\/2024\/04\/cropped-Design-sem-nome-17.png\",\"width\":1746,\"height\":883,\"caption\":\"Paulo Braga\"},\"image\":{\"@id\":\"https:\/\/paulobragaijui.com.br\/#\/schema\/logo\/image\/\"}}]}<\/script>\n<!-- \/ Yoast SEO plugin. -->","yoast_head_json":{"title":"PAULO BRAGA - Paulo Braga","robots":{"index":"index","follow":"follow","max-snippet":"max-snippet:-1","max-image-preview":"max-image-preview:large","max-video-preview":"max-video-preview:-1"},"canonical":"https:\/\/paulobragaijui.com.br\/","og_locale":"pt_BR","og_type":"article","og_title":"PAULO BRAGA - Paulo Braga","og_url":"https:\/\/paulobragaijui.com.br\/","og_site_name":"Paulo Braga","article_modified_time":"2024-04-22T13:38:39+00:00","og_image":[{"url":"https:\/\/paulobragaijui.com.br\/wp-content\/uploads\/elementor\/thumbs\/Design-sem-nome-17-qn33xfa9zduc4c8rdgxkb95v8ry60wq1zyyy4ox0bg.png"}],"twitter_card":"summary_large_image","twitter_misc":{"Est. tempo de leitura":"1 minuto"},"schema":{"@context":"https:\/\/schema.org","@graph":[{"@type":"WebPage","@id":"https:\/\/paulobragaijui.com.br\/","url":"https:\/\/paulobragaijui.com.br\/","name":"PAULO BRAGA - Paulo Braga","isPartOf":{"@id":"https:\/\/paulobragaijui.com.br\/#website"},"primaryImageOfPage":{"@id":"https:\/\/paulobragaijui.com.br\/#primaryimage"},"image":{"@id":"https:\/\/paulobragaijui.com.br\/#primaryimage"},"thumbnailUrl":"https:\/\/paulobragaijui.com.br\/wp-content\/uploads\/elementor\/thumbs\/Design-sem-nome-17-qn33xfa9zduc4c8rdgxkb95v8ry60wq1zyyy4ox0bg.png","datePublished":"2024-04-11T00:53:06+00:00","dateModified":"2024-04-22T13:38:39+00:00","breadcrumb":{"@id":"https:\/\/paulobragaijui.com.br\/#breadcrumb"},"inLanguage":"pt-BR","potentialAction":[{"@type":"ReadAction","target":["https:\/\/paulobragaijui.com.br\/"]}]},{"@type":"ImageObject","inLanguage":"pt-BR","@id":"https:\/\/paulobragaijui.com.br\/#primaryimage","url":"https:\/\/paulobragaijui.com.br\/wp-content\/uploads\/elementor\/thumbs\/Design-sem-nome-17-qn33xfa9zduc4c8rdgxkb95v8ry60wq1zyyy4ox0bg.png","contentUrl":"https:\/\/paulobragaijui.com.br\/wp-content\/uploads\/elementor\/thumbs\/Design-sem-nome-17-qn33xfa9zduc4c8rdgxkb95v8ry60wq1zyyy4ox0bg.png"},{"@type":"BreadcrumbList","@id":"https:\/\/paulobragaijui.com.br\/#breadcrumb","itemListElement":[{"@type":"ListItem","position":1,"name":"In\u00edcio","item":"https:\/\/paulobragaijui.com.br\/"},{"@type":"ListItem","position":2,"name":"PAULO BRAGA"}]},{"@type":"WebSite","@id":"https:\/\/paulobragaijui.com.br\/#website","url":"https:\/\/paulobragaijui.com.br\/","name":"Paulo Braga","description":"Site de Conte\u00fado Pol\u00edtico","publisher":{"@id":"https:\/\/paulobragaijui.com.br\/#organization"},"potentialAction":[{"@type":"SearchAction","target":{"@type":"EntryPoint","urlTemplate":"https:\/\/paulobragaijui.com.br\/?s={search_term_string}"},"query-input":"required name=search_term_string"}],"inLanguage":"pt-BR"},{"@type":"Organization","@id":"https:\/\/paulobragaijui.com.br\/#organization","name":"Paulo Braga","url":"https:\/\/paulobragaijui.com.br\/","logo":{"@type":"ImageObject","inLanguage":"pt-BR","@id":"https:\/\/paulobragaijui.com.br\/#\/schema\/logo\/image\/","url":"https:\/\/paulobragaijui.com.br\/wp-content\/uploads\/2024\/04\/cropped-Design-sem-nome-17.png","contentUrl":"https:\/\/paulobragaijui.com.br\/wp-content\/uploads\/2024\/04\/cropped-Design-sem-nome-17.png","width":1746,"height":883,"caption":"Paulo Braga"},"image":{"@id":"https:\/\/paulobragaijui.com.br\/#\/schema\/logo\/image\/"}}]}},"_links":{"self":[{"href":"https:\/\/paulobragaijui.com.br\/index.php?rest_route=\/wp\/v2\/pages\/375"}],"collection":[{"href":"https:\/\/paulobragaijui.com.br\/index.php?rest_route=\/wp\/v2\/pages"}],"about":[{"href":"https:\/\/paulobragaijui.com.br\/index.php?rest_route=\/wp\/v2\/types\/page"}],"author":[{"embeddable":true,"href":"https:\/\/paulobragaijui.com.br\/index.php?rest_route=\/wp\/v2\/users\/2"}],"replies":[{"embeddable":true,"href":"https:\/\/paulobragaijui.com.br\/index.php?rest_route=%2Fwp%2Fv2%2Fcomments&post=375"}],"version-history":[{"count":43,"href":"https:\/\/paulobragaijui.com.br\/index.php?rest_route=\/wp\/v2\/pages\/375\/revisions"}],"predecessor-version":[{"id":695,"href":"https:\/\/paulobragaijui.com.br\/index.php?rest_route=\/wp\/v2\/pages\/375\/revisions\/695"}],"wp:attachment":[{"href":"https:\/\/paulobragaijui.com.br\/index.php?rest_route=%2Fwp%2Fv2%2Fmedia&parent=375"}],"curies":[{"name":"wp","href":"https:\/\/api.w.org\/{rel}","templated":true}]}}